{"id":208,"date":"2025-12-28T20:46:05","date_gmt":"2025-12-28T20:46:05","guid":{"rendered":"https:\/\/antojitoscaninos.es\/?page_id=208"},"modified":"2025-12-28T20:49:13","modified_gmt":"2025-12-28T20:49:13","slug":"208-2","status":"publish","type":"page","link":"https:\/\/antojitoscaninos.es\/?page_id=208","title":{"rendered":""},"content":{"rendered":"\n<figure class=\"wp-block-image size-full has-custom-border is-style-rounded\" style=\"margin-right:0;margin-left:0\"><img loading=\"lazy\" decoding=\"async\" width=\"1024\" height=\"1024\" src=\"https:\/\/antojitoscaninos.es\/wp-content\/uploads\/2025\/12\/PHOTO-2025-12-28-21-44-35.jpg\" alt=\"\" class=\"wp-image-209\" style=\"border-style:none;border-width:0px;border-top-left-radius:100px;border-top-right-radius:100px;border-bottom-left-radius:100px;border-bottom-right-radius:100px\" srcset=\"https:\/\/antojitoscaninos.es\/wp-content\/uploads\/2025\/12\/PHOTO-2025-12-28-21-44-35.jpg 1024w, https:\/\/antojitoscaninos.es\/wp-content\/uploads\/2025\/12\/PHOTO-2025-12-28-21-44-35-300x300.jpg 300w, https:\/\/antojitoscaninos.es\/wp-content\/uploads\/2025\/12\/PHOTO-2025-12-28-21-44-35-150x150.jpg 150w, https:\/\/antojitoscaninos.es\/wp-content\/uploads\/2025\/12\/PHOTO-2025-12-28-21-44-35-768x768.jpg 768w\" sizes=\"auto, (max-width: 1024px) 100vw, 1024px\" \/><\/figure>\n\n\n\n<p>\ud83d\udc36\u2728 En <strong>Antojitos Caninos<\/strong> consentimos a tu peludito como se merece. Lo ba\u00f1amos con productos adecuados para su piel, lo secamos con cuidado y le brindamos atenci\u00f3n, paciencia y mucho cari\u00f1o para que se sienta tranquilo y feliz. Aqu\u00ed no solo es un ba\u00f1o, es una experiencia de amor y bienestar. \u00a1Tr\u00e1elo a <strong>Antojitos Caninos<\/strong> y d\u00e9jalo en las mejores manos! \ud83d\udc99\ud83d\udc3e<\/p>\n\n\n\n<p><\/p>\n\n\n\n<p><\/p>\n\n\n\n<figure class=\"wp-block-image aligncenter size-medium is-resized has-custom-border is-style-default\"><a href=\"https:\/\/antojitoscaninos.es\/\"><img loading=\"lazy\" decoding=\"async\" width=\"300\" height=\"200\" src=\"https:\/\/antojitoscaninos.es\/wp-content\/uploads\/2025\/11\/inicio-300x200.jpg\" alt=\"\" class=\"wp-image-84\" style=\"border-top-left-radius:95px;border-top-right-radius:95px;border-bottom-left-radius:95px;border-bottom-right-radius:95px;width:160px;height:auto\" srcset=\"https:\/\/antojitoscaninos.es\/wp-content\/uploads\/2025\/11\/inicio-300x200.jpg 300w, https:\/\/antojitoscaninos.es\/wp-content\/uploads\/2025\/11\/inicio-1024x683.jpg 1024w, https:\/\/antojitoscaninos.es\/wp-content\/uploads\/2025\/11\/inicio-768x512.jpg 768w, https:\/\/antojitoscaninos.es\/wp-content\/uploads\/2025\/11\/inicio.jpg 1536w\" sizes=\"auto, (max-width: 300px) 100vw, 300px\" \/><\/a><\/figure>\n","protected":false},"excerpt":{"rendered":"<p>\ud83d\udc36\u2728 En Antojitos Caninos consentimos a tu peludito como se merece. Lo ba\u00f1amos con productos adecuados para su piel, lo secamos con cuidado y le brindamos atenci\u00f3n, paciencia y mucho cari\u00f1o para que se sienta tranquilo y feliz. Aqu\u00ed no solo es un ba\u00f1o, es una experiencia de amor y bienestar. \u00a1Tr\u00e1elo a Antojitos Caninos [&hellip;]<\/p>\n","protected":false},"author":1,"featured_media":0,"parent":0,"menu_order":0,"comment_status":"closed","ping_status":"closed","template":"","meta":{"footnotes":""},"class_list":["post-208","page","type-page","status-publish","hentry"],"_links":{"self":[{"href":"https:\/\/antojitoscaninos.es\/index.php?rest_route=\/wp\/v2\/pages\/208","targetHints":{"allow":["GET"]}}],"collection":[{"href":"https:\/\/antojitoscaninos.es\/index.php?rest_route=\/wp\/v2\/pages"}],"about":[{"href":"https:\/\/antojitoscaninos.es\/index.php?rest_route=\/wp\/v2\/types\/page"}],"author":[{"embeddable":true,"href":"https:\/\/antojitoscaninos.es\/index.php?rest_route=\/wp\/v2\/users\/1"}],"replies":[{"embeddable":true,"href":"https:\/\/antojitoscaninos.es\/index.php?rest_route=%2Fwp%2Fv2%2Fcomments&post=208"}],"version-history":[{"count":2,"href":"https:\/\/antojitoscaninos.es\/index.php?rest_route=\/wp\/v2\/pages\/208\/revisions"}],"predecessor-version":[{"id":213,"href":"https:\/\/antojitoscaninos.es\/index.php?rest_route=\/wp\/v2\/pages\/208\/revisions\/213"}],"wp:attachment":[{"href":"https:\/\/antojitoscaninos.es\/index.php?rest_route=%2Fwp%2Fv2%2Fmedia&parent=208"}],"curies":[{"name":"wp","href":"https:\/\/api.w.org\/{rel}","templated":true}]}}