{"id":163,"date":"2025-11-24T09:05:15","date_gmt":"2025-11-24T09:05:15","guid":{"rendered":"https:\/\/antojitoscaninos.es\/?page_id=163"},"modified":"2025-12-28T12:42:12","modified_gmt":"2025-12-28T12:42:12","slug":"aviso-legal","status":"publish","type":"page","link":"https:\/\/antojitoscaninos.es\/?page_id=163","title":{"rendered":"Aviso Legal"},"content":{"rendered":"\n<h2 class=\"wp-block-heading\">Identificaci\u00f3n del titular<\/h2>\n\n\n\n<p>El presente sitio web \u201cAntojitos Caninos\u201d (https:\/\/antojitoscaninos.es\/) es operado por <strong><strong>PAULA MARCELA ACOSTA PARRA<\/strong><\/strong>, con CIF <strong><strong>03176039S<\/strong><\/strong>, y con direcci\u00f3n en <strong><strong>Calle Encarnaci\u00f3n Oviol, 41<\/strong><\/strong>.<br>Puedes ponerte en contacto con nosotros v\u00eda correo electr\u00f3nico: <strong><a href=\"mailto:antojitoscaninosymas@gmail.com\">antojitoscaninosymas@gmail.com<\/a><\/strong>.<\/p>\n\n\n\n<h2 class=\"wp-block-heading\">Objeto<\/h2>\n\n\n\n<p>El sitio web tiene como finalidad ofrecer informaci\u00f3n relacionada con productos para animales, cuidados, consejos y otros temas relacionados con mascotas.<\/p>\n\n\n\n<h2 class=\"wp-block-heading\">Condiciones de uso<\/h2>\n\n\n\n<p>El acceso y uso de este sitio web atribuye la condici\u00f3n de <strong>usuario<\/strong> y supone la aceptaci\u00f3n de todas las condiciones incluidas en este Aviso Legal. Nos reservamos el derecho de modificar, en cualquier momento y sin previo aviso, la presentaci\u00f3n y configuraci\u00f3n del sitio, as\u00ed como los contenidos y los servicios.<\/p>\n\n\n\n<h2 class=\"wp-block-heading\">Propiedad intelectual<\/h2>\n\n\n\n<p>Los contenidos de este sitio (textos, im\u00e1genes, dise\u00f1o, logotipos, etc.) son propiedad de <strong><strong><strong>PAULA MARCELA ACOSTA PARRA<\/strong><\/strong><\/strong>, sin que pueda entenderse que se concede licencia alguna para su uso salvo autorizaci\u00f3n expresa por escrito.<\/p>\n\n\n\n<h2 class=\"wp-block-heading\">Responsabilidad<\/h2>\n\n\n\n<p><strong><strong><strong>PAULA MARCELA ACOSTA PARRA<\/strong><\/strong><\/strong> no garantiza la ausencia de errores o la disponibilidad constante del sitio web. No somos responsables por los da\u00f1os que puedan derivarse del uso del sitio o de la informaci\u00f3n contenida en \u00e9l, salvo que exista negligencia grave o dolo.<\/p>\n\n\n\n<h2 class=\"wp-block-heading\">Legislaci\u00f3n aplicable y jurisdicci\u00f3n<\/h2>\n\n\n\n<p>Este Aviso Legal se rige por la legislaci\u00f3n espa\u00f1ola. Para la resoluci\u00f3n de cualquier conflicto que pudiera derivarse del acceso o el uso de este sitio web, ambas partes se someten, con renuncia expresa a otro fuero, a los Juzgados y Tribunales de <strong>Madrid<\/strong>.<\/p>\n","protected":false},"excerpt":{"rendered":"<p>Identificaci\u00f3n del titular El presente sitio web \u201cAntojitos Caninos\u201d (https:\/\/antojitoscaninos.es\/) es operado por PAULA MARCELA ACOSTA PARRA, con CIF 03176039S, y con direcci\u00f3n en Calle Encarnaci\u00f3n Oviol, 41.Puedes ponerte en contacto con nosotros v\u00eda correo electr\u00f3nico: antojitoscaninosymas@gmail.com. Objeto El sitio web tiene como finalidad ofrecer informaci\u00f3n relacionada con productos para animales, cuidados, consejos y otros [&hellip;]<\/p>\n","protected":false},"author":1,"featured_media":0,"parent":0,"menu_order":0,"comment_status":"closed","ping_status":"closed","template":"","meta":{"footnotes":""},"class_list":["post-163","page","type-page","status-publish","hentry"],"_links":{"self":[{"href":"https:\/\/antojitoscaninos.es\/index.php?rest_route=\/wp\/v2\/pages\/163","targetHints":{"allow":["GET"]}}],"collection":[{"href":"https:\/\/antojitoscaninos.es\/index.php?rest_route=\/wp\/v2\/pages"}],"about":[{"href":"https:\/\/antojitoscaninos.es\/index.php?rest_route=\/wp\/v2\/types\/page"}],"author":[{"embeddable":true,"href":"https:\/\/antojitoscaninos.es\/index.php?rest_route=\/wp\/v2\/users\/1"}],"replies":[{"embeddable":true,"href":"https:\/\/antojitoscaninos.es\/index.php?rest_route=%2Fwp%2Fv2%2Fcomments&post=163"}],"version-history":[{"count":2,"href":"https:\/\/antojitoscaninos.es\/index.php?rest_route=\/wp\/v2\/pages\/163\/revisions"}],"predecessor-version":[{"id":178,"href":"https:\/\/antojitoscaninos.es\/index.php?rest_route=\/wp\/v2\/pages\/163\/revisions\/178"}],"wp:attachment":[{"href":"https:\/\/antojitoscaninos.es\/index.php?rest_route=%2Fwp%2Fv2%2Fmedia&parent=163"}],"curies":[{"name":"wp","href":"https:\/\/api.w.org\/{rel}","templated":true}]}}